{"id":13,"date":"2018-08-07T12:56:52","date_gmt":"2018-08-07T10:56:52","guid":{"rendered":"https:\/\/www.sancur.de\/cms\/?page_id=13"},"modified":"2024-12-22T11:07:37","modified_gmt":"2024-12-22T10:07:37","slug":"impressum","status":"publish","type":"page","link":"https:\/\/www.sancur.de\/cms\/impressum\/","title":{"rendered":"Impressum"},"content":{"rendered":"<p>[et_pb_section fb_built=&#8220;1&#8243; custom_padding_last_edited=&#8220;off|desktop&#8220; admin_label=&#8220;Header Section&#8220; _builder_version=&#8220;4.16&#8243; use_background_color_gradient=&#8220;on&#8220; background_color_gradient_direction=&#8220;200deg&#8220; background_color_gradient_stops=&#8220;#f7a600 50px|#ffffff 80%&#8220; background_color_gradient_start=&#8220;#f7a600&#8243; background_color_gradient_start_position=&#8220;50px&#8220; background_color_gradient_end=&#8220;#ffffff&#8220; background_color_gradient_end_position=&#8220;80%&#8220; background_image=&#8220;https:\/\/www.sancur.de\/cms\/wp-content\/uploads\/2018\/08\/SNC-FO-People-ganzvoll-1920&#215;1080-1.jpg&#8220; background_position=&#8220;top_left&#8220; background_blend=&#8220;multiply&#8220; custom_padding=&#8220;15%|0px|0px|0px&#8220; custom_padding_tablet=&#8220;320px|0px|0px|0px&#8220; global_colors_info=&#8220;{}&#8220;][et_pb_row admin_label=&#8220;Header Row&#8220; _builder_version=&#8220;4.16&#8243; module_alignment=&#8220;right&#8220; use_custom_width=&#8220;on&#8220; global_colors_info=&#8220;{}&#8220;][et_pb_column type=&#8220;4_4&#8243; _builder_version=&#8220;4.16&#8243; custom_padding=&#8220;|||&#8220; global_colors_info=&#8220;{}&#8220; custom_padding__hover=&#8220;|||&#8220;][et_pb_text admin_label=&#8220;Header Impressum&#8220; _builder_version=&#8220;4.16&#8243; text_font=&#8220;Open Sans|600|||||||&#8220; text_line_height=&#8220;1.8em&#8220; header_font=&#8220;Actor|700|||||||&#8220; header_text_align=&#8220;justify&#8220; header_text_color=&#8220;rgba(255,255,255,0.5)&#8220; header_font_size=&#8220;70px&#8220; header_line_height=&#8220;1.4em&#8220; background_color=&#8220;#f7a600&#8243; text_orientation=&#8220;center&#8220; max_width=&#8220;700px&#8220; module_alignment=&#8220;center&#8220; custom_margin=&#8220;|||&#8220; custom_padding=&#8220;|||&#8220; animation_style=&#8220;fade&#8220; header_font_size_tablet=&#8220;50px&#8220; header_font_size_phone=&#8220;40px&#8220; header_font_size_last_edited=&#8220;on|tablet&#8220; border_radii=&#8220;on|20px|20px|20px|20px&#8220; box_shadow_style=&#8220;preset3&#8243; global_colors_info=&#8220;{}&#8220;]<\/p>\n<h1 style=\"text-align: center;\">impressum<\/h1>\n<p>[\/et_pb_text][\/et_pb_column][\/et_pb_row][\/et_pb_section][et_pb_section fb_built=&#8220;1&#8243; admin_label=&#8220;Contact Section&#8220; _builder_version=&#8220;4.16&#8243; use_background_color_gradient=&#8220;on&#8220; background_color_gradient_stops=&#8220;#ffffff 20%|rgba(255,255,255,0) 80%&#8220; background_color_gradient_overlays_image=&#8220;on&#8220; background_color_gradient_start=&#8220;#ffffff&#8220; background_color_gradient_start_position=&#8220;20%&#8220; background_color_gradient_end=&#8220;rgba(255,255,255,0)&#8220; background_color_gradient_end_position=&#8220;80%&#8220; background_position=&#8220;bottom_center&#8220; custom_padding=&#8220;20px|0px|0px|0px&#8220; saved_tabs=&#8220;all&#8220; global_colors_info=&#8220;{}&#8220;][et_pb_row admin_label=&#8220;Contact Us Row&#8220; _builder_version=&#8220;4.16&#8243; custom_margin=&#8220;|||&#8220; custom_padding=&#8220;||0px|&#8220; global_colors_info=&#8220;{}&#8220;][et_pb_column type=&#8220;4_4&#8243; _builder_version=&#8220;4.16&#8243; custom_padding=&#8220;|||&#8220; global_colors_info=&#8220;{}&#8220; custom_padding__hover=&#8220;|||&#8220;][et_pb_text admin_label=&#8220;Headline Internetpr\u00e4senz&#8220; _builder_version=&#8220;4.16&#8243; text_font=&#8220;Actor|700|||||||&#8220; text_line_height=&#8220;1.8em&#8220; header_2_font=&#8220;Actor|700|||||||&#8220; header_2_text_color=&#8220;#9e9e9e&#8220; header_2_font_size=&#8220;40px&#8220; header_2_line_height=&#8220;1.4em&#8220; module_alignment=&#8220;center&#8220; custom_margin=&#8220;40px|||&#8220; custom_margin_tablet=&#8220;0px|||&#8220; custom_margin_phone=&#8220;|||&#8220; custom_margin_last_edited=&#8220;on|phone&#8220; global_colors_info=&#8220;{}&#8220;]<\/p>\n<h2>Betreiber der Internetpr\u00e4senz<\/h2>\n<p>[\/et_pb_text][et_pb_divider color=&#8220;#f7a600&#8243; _builder_version=&#8220;4.16&#8243; global_colors_info=&#8220;{}&#8220;][\/et_pb_divider][\/et_pb_column][\/et_pb_row][et_pb_row column_structure=&#8220;1_4,1_4,1_4,1_4&#8243; use_custom_gutter=&#8220;on&#8220; gutter_width=&#8220;1&#8243; admin_label=&#8220;Zeile&#8220; _builder_version=&#8220;4.27.4&#8243; use_background_color_gradient=&#8220;on&#8220; background_color_gradient_stops=&#8220;rgba(255,255,255,0) 0%|#ffffff 74%&#8220; background_color_gradient_start=&#8220;rgba(255,255,255,0)&#8220; background_color_gradient_end=&#8220;#ffffff&#8220; background_color_gradient_end_position=&#8220;74%&#8220; custom_margin_tablet=&#8220;&#8220; custom_margin_phone=&#8220;&#8220; custom_margin_last_edited=&#8220;on|desktop&#8220; custom_padding=&#8220;20px|0px|20px|0px|false|false&#8220; hover_enabled=&#8220;0&#8243; custom_width_percent=&#8220;100%&#8220; global_colors_info=&#8220;{}&#8220; sticky_enabled=&#8220;0&#8243;][et_pb_column type=&#8220;1_4&#8243; _builder_version=&#8220;4.16&#8243; custom_padding=&#8220;|||&#8220; global_colors_info=&#8220;{}&#8220; custom_padding__hover=&#8220;|||&#8220;][et_pb_text admin_label=&#8220;Text Firmenname&#8220; _builder_version=&#8220;4.27.4&#8243; text_font=&#8220;Actor||||||||&#8220; text_line_height=&#8220;1.8em&#8220; header_2_font=&#8220;Actor|700|||||||&#8220; header_2_text_color=&#8220;#9e9e9e&#8220; header_2_font_size=&#8220;40px&#8220; header_2_line_height=&#8220;1.4em&#8220; custom_margin_tablet=&#8220;0px|||&#8220; custom_margin_phone=&#8220;|||&#8220; custom_margin_last_edited=&#8220;off|desktop&#8220; hover_enabled=&#8220;0&#8243; global_colors_info=&#8220;{}&#8220; sticky_enabled=&#8220;0&#8243; module_alignment_last_edited=&#8220;on|phone&#8220; module_alignment=&#8220;left&#8220; module_alignment_phone=&#8220;center&#8220; custom_margin=&#8220;||20px||false|false&#8220; module_alignment_tablet=&#8220;left&#8220;]<\/p>\n<p><strong>SanCur<\/strong><br \/>gemeinn\u00fctzige GmbH<\/p>\n<p>[\/et_pb_text][et_pb_text admin_label=&#8220;Text Adresse Firmensitz&#8220; _builder_version=&#8220;4.16&#8243; text_font=&#8220;Actor||||||||&#8220; text_line_height=&#8220;1.8em&#8220; header_2_font=&#8220;Actor|700|||||||&#8220; header_2_text_color=&#8220;#9e9e9e&#8220; header_2_font_size=&#8220;40px&#8220; header_2_line_height=&#8220;1.4em&#8220; module_alignment=&#8220;left&#8220; custom_margin=&#8220;||20px||false|false&#8220; global_colors_info=&#8220;{}&#8220; module_alignment_phone=&#8220;center&#8220; module_alignment_last_edited=&#8220;on|phone&#8220; module_alignment_tablet=&#8220;left&#8220;]<\/p>\n<p><strong>Anschrift<\/strong><br \/>Wirthstrasse 9<br \/>D-79110 Freiburg im Breisgau<\/p>\n<p>[\/et_pb_text][\/et_pb_column][et_pb_column type=&#8220;1_4&#8243; _builder_version=&#8220;4.16&#8243; custom_padding=&#8220;|||&#8220; global_colors_info=&#8220;{}&#8220; custom_padding__hover=&#8220;|||&#8220;][et_pb_text admin_label=&#8220;Text Telefon &#038; Mail&#8220; _builder_version=&#8220;4.16&#8243; text_font=&#8220;Actor||||||||&#8220; text_line_height=&#8220;1.8em&#8220; header_2_font=&#8220;Actor|700|||||||&#8220; header_2_text_color=&#8220;#9e9e9e&#8220; header_2_font_size=&#8220;40px&#8220; header_2_line_height=&#8220;1.4em&#8220; module_alignment=&#8220;left&#8220; custom_margin=&#8220;||20px||false|false&#8220; global_colors_info=&#8220;{}&#8220; module_alignment_phone=&#8220;center&#8220; module_alignment_last_edited=&#8220;on|phone&#8220; module_alignment_tablet=&#8220;left&#8220;]<\/p>\n<p>\n<strong>Fon:<\/strong> +49 (0)761-151864-05<br \/><strong>Fax:<\/strong> +49 (0)761-151864-08<\/p>\n<p><strong>Website:<\/strong> www.sancur.de<br \/><strong>E-Mail:<\/strong> info@sancur.de<\/p>\n<p>[\/et_pb_text][\/et_pb_column][et_pb_column type=&#8220;1_4&#8243; _builder_version=&#8220;4.16&#8243; custom_padding=&#8220;|||&#8220; global_colors_info=&#8220;{}&#8220; custom_padding__hover=&#8220;|||&#8220;][et_pb_text admin_label=&#8220;Text Gesch\u00e4ftsf\u00fchrer&#8220; _builder_version=&#8220;4.27.4&#8243; text_font=&#8220;Actor||||||||&#8220; text_line_height=&#8220;1.8em&#8220; header_2_font=&#8220;Actor|700|||||||&#8220; header_2_text_color=&#8220;#9e9e9e&#8220; header_2_font_size=&#8220;40px&#8220; header_2_line_height=&#8220;1.4em&#8220; module_alignment=&#8220;left&#8220; custom_margin=&#8220;||20px||false|false&#8220; global_colors_info=&#8220;{}&#8220; module_alignment_phone=&#8220;center&#8220; module_alignment_last_edited=&#8220;on|phone&#8220; module_alignment_tablet=&#8220;left&#8220;]<strong>Gesch\u00e4ftsf\u00fchrer:<\/strong><br \/>\nPD Dr. med. Christian Wei\u00dfenberger[\/et_pb_text][et_pb_text admin_label=&#8220;Text Handelsregister&#8220; _builder_version=&#8220;4.16&#8243; text_font=&#8220;Actor||||||||&#8220; text_line_height=&#8220;1.8em&#8220; header_2_font=&#8220;Actor|700|||||||&#8220; header_2_text_color=&#8220;#9e9e9e&#8220; header_2_font_size=&#8220;40px&#8220; header_2_line_height=&#8220;1.4em&#8220; module_alignment=&#8220;left&#8220; custom_margin=&#8220;||20px||false|false&#8220; global_colors_info=&#8220;{}&#8220; module_alignment_phone=&#8220;center&#8220; module_alignment_last_edited=&#8220;on|phone&#8220; module_alignment_tablet=&#8220;left&#8220;]<\/p>\n<p>\n<strong>Handelsregister:<\/strong><br \/>Amtsgericht Freiburg<br \/>HRB 718441<\/p>\n<p>[\/et_pb_text][\/et_pb_column][et_pb_column type=&#8220;1_4&#8243; _builder_version=&#8220;4.16&#8243; custom_padding=&#8220;|||&#8220; global_colors_info=&#8220;{}&#8220; custom_padding__hover=&#8220;|||&#8220;][et_pb_text admin_label=&#8220;Text Konto&#8220; _builder_version=&#8220;4.16&#8243; text_font=&#8220;Actor||||||||&#8220; text_line_height=&#8220;1.8em&#8220; header_2_font=&#8220;Actor|700|||||||&#8220; header_2_text_color=&#8220;#9e9e9e&#8220; header_2_font_size=&#8220;40px&#8220; header_2_line_height=&#8220;1.4em&#8220; module_alignment=&#8220;left&#8220; custom_margin=&#8220;||20px||false|false&#8220; global_colors_info=&#8220;{}&#8220; module_alignment_phone=&#8220;center&#8220; module_alignment_last_edited=&#8220;on|phone&#8220; module_alignment_tablet=&#8220;left&#8220;]<\/p>\n<p>\n<strong>Bankverbindung:<\/strong><br \/>Sparkasse Freiburg &#8211; N\u00f6rdlicher Breisgau<br \/><strong>IBAN<\/strong> DE70 6805 0101 0013 8552 35<br \/><strong>BIC<\/strong> FRSPDE66XXX<\/p>\n<p>[\/et_pb_text][et_pb_text admin_label=&#8220;Text Steuernummer&#8220; _builder_version=&#8220;4.16&#8243; text_font=&#8220;Actor||||||||&#8220; text_line_height=&#8220;1.8em&#8220; header_2_font=&#8220;Actor|700|||||||&#8220; header_2_text_color=&#8220;#9e9e9e&#8220; header_2_font_size=&#8220;40px&#8220; header_2_line_height=&#8220;1.4em&#8220; module_alignment=&#8220;left&#8220; custom_margin=&#8220;||20px||false|false&#8220; global_colors_info=&#8220;{}&#8220; module_alignment_phone=&#8220;center&#8220; module_alignment_last_edited=&#8220;on|phone&#8220; module_alignment_tablet=&#8220;left&#8220;]<\/p>\n<p>\n<strong>Steuer-Nummer<\/strong><br \/>06471 \/ 60041<br \/>Finanzamt Freiburg<\/p>\n<p>[\/et_pb_text][\/et_pb_column][\/et_pb_row][\/et_pb_section][et_pb_section fb_built=&#8220;1&#8243; admin_label=&#8220;Sektion Nutzungsbedingungen \/ Haftungsausschluss&#8220; _builder_version=&#8220;4.16&#8243; use_background_color_gradient=&#8220;on&#8220; background_color_gradient_stops=&#8220;#ffffff 20%|rgba(255,255,255,0) 80%&#8220; background_color_gradient_overlays_image=&#8220;on&#8220; background_color_gradient_start=&#8220;#ffffff&#8220; background_color_gradient_start_position=&#8220;20%&#8220; background_color_gradient_end=&#8220;rgba(255,255,255,0)&#8220; background_color_gradient_end_position=&#8220;80%&#8220; background_position=&#8220;bottom_center&#8220; custom_padding=&#8220;20px|0px|4%|0px&#8220; saved_tabs=&#8220;all&#8220; global_colors_info=&#8220;{}&#8220;][et_pb_row admin_label=&#8220;Zeile&#8220; _builder_version=&#8220;4.16&#8243; custom_margin=&#8220;|||&#8220; custom_padding=&#8220;||0px|&#8220; global_colors_info=&#8220;{}&#8220;][et_pb_column type=&#8220;4_4&#8243; _builder_version=&#8220;4.16&#8243; custom_padding=&#8220;|||&#8220; global_colors_info=&#8220;{}&#8220; custom_padding__hover=&#8220;|||&#8220;][et_pb_divider color=&#8220;#f7a600&#8243; _builder_version=&#8220;4.16&#8243; global_colors_info=&#8220;{}&#8220;]<\/p>\n<p>\n&nbsp;<\/p>\n<p>[\/et_pb_divider][et_pb_text admin_label=&#8220;Headline Nutzungsbedingungen \/ Haftungsausschluss&#8220; _builder_version=&#8220;4.16&#8243; text_font=&#8220;Actor||||||||&#8220; text_line_height=&#8220;1.8em&#8220; header_2_font=&#8220;Actor|700|||||||&#8220; header_2_text_color=&#8220;#9e9e9e&#8220; header_2_font_size=&#8220;40px&#8220; header_2_line_height=&#8220;1.4em&#8220; module_alignment=&#8220;left&#8220; custom_margin=&#8220;||20px||false|false&#8220; global_colors_info=&#8220;{}&#8220; module_alignment_phone=&#8220;center&#8220; module_alignment_last_edited=&#8220;on|phone&#8220; module_alignment_tablet=&#8220;left&#8220;]<\/p>\n<h2>Nutzungsbedingungen \/ Haftungsausschluss<\/h2>\n<p>[\/et_pb_text][et_pb_divider color=&#8220;#f7a600&#8243; _builder_version=&#8220;4.16&#8243; global_colors_info=&#8220;{}&#8220;]<\/p>\n<p>\n&nbsp;<\/p>\n<p>[\/et_pb_divider][\/et_pb_column][\/et_pb_row][et_pb_row column_structure=&#8220;1_2,1_2&#8243; admin_label=&#8220;Zeile&#8220; _builder_version=&#8220;4.16&#8243; use_background_color_gradient=&#8220;on&#8220; background_color_gradient_stops=&#8220;rgba(255,255,255,0) 0%|#ffffff 74%&#8220; background_color_gradient_start=&#8220;rgba(255,255,255,0)&#8220; background_color_gradient_end=&#8220;#ffffff&#8220; background_color_gradient_end_position=&#8220;74%&#8220; custom_margin_tablet=&#8220;&#8220; custom_margin_phone=&#8220;&#8220; custom_margin_last_edited=&#8220;on|desktop&#8220; custom_padding=&#8220;0px|0px|20px|0px&#8220; global_colors_info=&#8220;{}&#8220;][et_pb_column type=&#8220;1_2&#8243; _builder_version=&#8220;4.16&#8243; custom_padding=&#8220;|||&#8220; global_colors_info=&#8220;{}&#8220; custom_padding__hover=&#8220;|||&#8220;][et_pb_text admin_label=&#8220;Text Alle Webseiten&#8220; _builder_version=&#8220;4.16&#8243; text_font=&#8220;Actor||||||||&#8220; header_2_font=&#8220;Actor|700|||||||&#8220; header_2_text_color=&#8220;#9e9e9e&#8220; header_2_font_size=&#8220;40px&#8220; header_2_line_height=&#8220;1.4em&#8220; header_3_font_size=&#8220;23px&#8220; header_4_font=&#8220;|700|||||||&#8220; header_4_text_color=&#8220;#2b2b2b&#8220; header_4_line_height=&#8220;1.5em&#8220; module_alignment=&#8220;center&#8220; custom_margin=&#8220;40px|||&#8220; custom_margin_tablet=&#8220;0px|||&#8220; custom_margin_phone=&#8220;|||&#8220; custom_margin_last_edited=&#8220;on|phone&#8220; header_2_font_size_tablet=&#8220;35px&#8220; header_2_font_size_phone=&#8220;30px&#8220; header_2_font_size_last_edited=&#8220;on|phone&#8220; global_colors_info=&#8220;{}&#8220;]<\/p>\n<h4>Alle Webseiten von <strong>SanCur gemeinn\u00fctzige GmbH<br \/><\/strong><\/h4>\n<p>mit Sitz in der Wirthstrasse 9, 79110 Freiburg, Deutschland (nachfolgend SanCur genannt) wurden unter Ber\u00fccksichtigung des deutschen Rechts verfasst. SanCur hat die Daten auf dieser Website sorgf\u00e4ltig und nach dem neuesten Erkenntnisstand zusammen gestellt. SanCur kann jedoch keinerlei Garantien bez\u00fcglich der Richtigkeit und\/oder Vollst\u00e4ndigkeit der hier angegebenen oder zitierten Information, weder ausdr\u00fccklich noch implizit, abgeben.<\/p>\n<p>F\u00fcr Anleitungen, Hinweise, Empfehlungen oder Einsch\u00e4tzungen wird keine Haftung \u00fcbernommen, genausowenig f\u00fcr Fehler im Text oder falsche Links.<\/p>\n<p>Der Benutzer dieser Website erkennt an, dass deren Gebrauch sowie der Gebrauch der damit verbundenen Sites ausschlie\u00dflich auf dessen eigene Gefahr erfolgt und dass weder SanCur noch eine andere Partei, die an der Erstellung der Informationen beteiligt war, eine Haftung f\u00fcr direkte, indirekte oder Folgesch\u00e4den jedwelcher Art \u00fcbernimmt. Alle erw\u00e4hnten Markennamen sind gesetzlich gesch\u00fctzt.<\/p>\n<p>Es gilt die deutsche Rechtsprechnung.<\/p>\n<p>[\/et_pb_text][\/et_pb_column][et_pb_column type=&#8220;1_2&#8243; _builder_version=&#8220;4.16&#8243; custom_padding=&#8220;|||&#8220; global_colors_info=&#8220;{}&#8220; custom_padding__hover=&#8220;|||&#8220;][et_pb_text admin_label=&#8220;Text Verweise auf fremde Webseiten&#8220; _builder_version=&#8220;4.16&#8243; text_font=&#8220;Actor||||||||&#8220; header_2_font=&#8220;Actor|700|||||||&#8220; header_2_text_color=&#8220;#9e9e9e&#8220; header_2_font_size=&#8220;40px&#8220; header_2_line_height=&#8220;1.4em&#8220; header_3_font_size=&#8220;23px&#8220; header_4_font=&#8220;|700|||||||&#8220; header_4_text_color=&#8220;#2b2b2b&#8220; header_4_line_height=&#8220;1.5em&#8220; module_alignment=&#8220;center&#8220; custom_margin=&#8220;40px|||&#8220; custom_margin_tablet=&#8220;0px|||&#8220; custom_margin_phone=&#8220;|||&#8220; custom_margin_last_edited=&#8220;on|phone&#8220; header_2_font_size_tablet=&#8220;35px&#8220; header_2_font_size_phone=&#8220;30px&#8220; header_2_font_size_last_edited=&#8220;on|phone&#8220; global_colors_info=&#8220;{}&#8220;]<\/p>\n<h4>Verweise auf fremde Webseiten<\/h4>\n<p>\u2013 sogenannte Links \u2013 liegen au\u00dferhalb des Verantwortungsbereiches des Autors bzw. von SanCur. Eine Haftung f\u00fcr die Inhalte von verlinkten Seiten ist ausgeschlossen, zumal SanCur keinen Einfluss auf Inhalte wie Gestaltung von gelinkten Seiten hat. F\u00fcr Inhalte von Seiten, auf welche von Seiten dieser Webseiten verwiesen wird, haftet somit allein der Anbieter dieser fremden Webseiten \u2013 niemals jedoch derjenige, der durch einen Link auf fremde Publikationen und Inhalte verweist.<\/p>\n<p>Sollten gelinkte Seiten (insbesondere durch Ver\u00e4nderung der Inhalte nach dem Setzen des Links) illegale, fehlerhafte, unvollst\u00e4ndige, beleidigende oder sittenwidrige Informationen beinhalten und wird der Autor dieser Seite auf derartige Inhalte von gelinkten Seiten aufmerksam (gemacht), so wird er einen Link auf derartige Seiten unverz\u00fcglich unterbinden.<\/p>\n<p>[\/et_pb_text][\/et_pb_column][\/et_pb_row][et_pb_row admin_label=&#8220;Zeile&#8220; _builder_version=&#8220;4.16&#8243; custom_margin=&#8220;|||&#8220; custom_padding=&#8220;||0px|&#8220; global_colors_info=&#8220;{}&#8220;][et_pb_column type=&#8220;4_4&#8243; _builder_version=&#8220;4.16&#8243; custom_padding=&#8220;|||&#8220; global_colors_info=&#8220;{}&#8220; custom_padding__hover=&#8220;|||&#8220;][et_pb_divider color=&#8220;#f7a600&#8243; _builder_version=&#8220;4.16&#8243; global_colors_info=&#8220;{}&#8220;]<\/p>\n<p>\n&nbsp;<\/p>\n<p>[\/et_pb_divider][\/et_pb_column][\/et_pb_row][et_pb_row column_structure=&#8220;1_2,1_2&#8243; admin_label=&#8220;Social Media Row&#8220; _builder_version=&#8220;4.16&#8243; use_background_color_gradient=&#8220;on&#8220; background_color_gradient_stops=&#8220;rgba(255,255,255,0) 0%|#ffffff 74%&#8220; background_color_gradient_start=&#8220;rgba(255,255,255,0)&#8220; background_color_gradient_end=&#8220;#ffffff&#8220; background_color_gradient_end_position=&#8220;74%&#8220; custom_margin_tablet=&#8220;&#8220; custom_margin_phone=&#8220;&#8220; custom_margin_last_edited=&#8220;on|desktop&#8220; custom_padding=&#8220;0px|0px|20px|0px&#8220; global_colors_info=&#8220;{}&#8220;][et_pb_column type=&#8220;1_2&#8243; _builder_version=&#8220;4.16&#8243; custom_padding=&#8220;|||&#8220; global_colors_info=&#8220;{}&#8220; custom_padding__hover=&#8220;|||&#8220;][et_pb_text admin_label=&#8220;Text Alle Inhalte, Werke&#8220; _builder_version=&#8220;4.16&#8243; text_font=&#8220;Actor||||||||&#8220; header_2_font=&#8220;Actor|700|||||||&#8220; header_2_text_color=&#8220;#9e9e9e&#8220; header_2_font_size=&#8220;40px&#8220; header_2_line_height=&#8220;1.4em&#8220; header_3_font_size=&#8220;23px&#8220; header_4_font=&#8220;|700|||||||&#8220; header_4_text_color=&#8220;#2b2b2b&#8220; header_4_line_height=&#8220;1.5em&#8220; module_alignment=&#8220;center&#8220; custom_margin=&#8220;40px|||&#8220; custom_margin_tablet=&#8220;0px|||&#8220; custom_margin_phone=&#8220;|||&#8220; custom_margin_last_edited=&#8220;on|phone&#8220; header_2_font_size_tablet=&#8220;35px&#8220; header_2_font_size_phone=&#8220;30px&#8220; header_2_font_size_last_edited=&#8220;on|phone&#8220; global_colors_info=&#8220;{}&#8220;]<\/p>\n<h4>Alle Inhalte, Werke, Daten und das Design dieser Website sind urheberrechtlich gesch\u00fctzt.<\/h4>\n<p>S\u00e4mtliche Inhalte dienen ausschlie\u00dflich der pers\u00f6nlichen Information. Jegliche Bearbeitung, Vervielf\u00e4ltigung, Verbreitung und \u00f6ffentliche Wiedergabe ist untersagt und wird somit bei Zuwiderhandlung strafrechtlich verfolgt und zum Schadensersatz verpflichtet. Die \u00dcbernahme, Ver\u00f6ffentlichung oder Nutzung von Texten, Bildern oder anderen Daten bedarf der ausdr\u00fccklichen und schriftlichen Zustimmung der zuvor und im Quellennachweis aufgef\u00fchrten Firmen und Personen.<\/p>\n<p>In dieser Website werden verschiedene Firmen-, Produkt- oder Servicenamen verwendet. Alle Unternehmens-, Produkt- oder Servicenamen bzw. deren Bezeichnungen k\u00f6nnen Waren- oder Dienstleistungszeichen oder eingetragene Waren- oder Dienstleistungszeichen anderer Unternehmen weltweit sein und sind als solche zu beachten.<\/p>\n<p>Soweit die Inhalte auf dieser Seite nicht vom Betreiber erstellt wurden, werden die Urheberrechte Dritter beachtet. Sollten Sie auf eine Urheberrechtsverletzung aufmerksam werden, bitten wir um einen entsprechenden Hinweis. Bei Bekanntwerden von Rechtsverletzungen werden derartige Inhalte umgehend entfernt.<\/p>\n<p>[\/et_pb_text][\/et_pb_column][et_pb_column type=&#8220;1_2&#8243; _builder_version=&#8220;4.16&#8243; custom_padding=&#8220;|||&#8220; global_colors_info=&#8220;{}&#8220; custom_padding__hover=&#8220;|||&#8220;][et_pb_text admin_label=&#8220;Text Den Schutz und die Intimit\u00e4t&#8220; _builder_version=&#8220;4.16&#8243; text_font=&#8220;Actor||||||||&#8220; header_2_font=&#8220;Actor|700|||||||&#8220; header_2_text_color=&#8220;#9e9e9e&#8220; header_2_font_size=&#8220;40px&#8220; header_2_line_height=&#8220;1.4em&#8220; header_3_font_size=&#8220;23px&#8220; header_4_font=&#8220;|700|||||||&#8220; header_4_text_color=&#8220;#2b2b2b&#8220; header_4_line_height=&#8220;1.5em&#8220; module_alignment=&#8220;center&#8220; custom_margin=&#8220;40px|||&#8220; custom_margin_tablet=&#8220;0px|||&#8220; custom_margin_phone=&#8220;|||&#8220; custom_margin_last_edited=&#8220;on|phone&#8220; header_2_font_size_tablet=&#8220;35px&#8220; header_2_font_size_phone=&#8220;30px&#8220; header_2_font_size_last_edited=&#8220;on|phone&#8220; global_colors_info=&#8220;{}&#8220;]<\/p>\n<h4>Den Schutz und die Intimit\u00e4t Ihrer pers\u00f6nlichen Daten nehmen wir sehr ernst.<\/h4>\n<p>Daher werden Daten ausschlie\u00dflich zur Bearbeitung der von Ihnen gestellten Anfragen gespeichert und im Rahmen gesetzlicher Verpflichtungen aufbewahrt und gesichert. Sofern keine rechtlichen Vorgaben bestehen oder dies nicht zur Weiterverarbeitung Ihrer Anfrage notwendig ist, werden Ihre Daten Dritten selbstverst\u00e4ndlich nicht zur Verf\u00fcgung gestellt. Die Nutzung unserer Webseiten ist in der Regel ohne Angabe personenbezogener Daten m\u00f6glich. Mit der Nutzung der Website erkl\u00e4ren Sie sich mit den Bedingungen unserer Richtlinien zum Schutz pers\u00f6nlicher Daten einverstanden.<\/p>\n<p><a href=\"https:\/\/www.sancur.de\/cms\/datenschutz\/\"><strong>Detaillierte Informationen zum Datenschutz.<\/strong><\/a><\/p>\n<p>Bitte beachten Sie: Die Informationen dieser Seiten sind kein Ersatz f\u00fcr eine professionelle Beratung oder Behandlung. Der Inhalt darf nicht verwendet werden, um eigenst\u00e4ndig Diagnosen zu stellen oder Selbstbehandlungen zu beginnen. Rechtsanspr\u00fcche k\u00f6nnen daraus nicht abgeleitet werden.<\/p>\n<p>[\/et_pb_text][\/et_pb_column][\/et_pb_row][\/et_pb_section]<\/p>\n","protected":false},"excerpt":{"rendered":"<p>impressum Betreiber der Internetpr\u00e4senz SanCurgemeinn\u00fctzige GmbHAnschriftWirthstrasse 9D-79110 Freiburg im Breisgau Fon: +49 (0)761-151864-05Fax: +49 (0)761-151864-08 Website: www.sancur.deE-Mail: info@sancur.de Gesch\u00e4ftsf\u00fchrer: PD Dr. med. Christian Wei\u00dfenberger Handelsregister:Amtsgericht FreiburgHRB 718441 Bankverbindung:Sparkasse Freiburg &#8211; N\u00f6rdlicher BreisgauIBAN DE70 6805 0101 0013 8552 35BIC FRSPDE66XXX Steuer-Nummer06471 \/ 60041Finanzamt Freiburg &nbsp; Nutzungsbedingungen \/ Haftungsausschluss &nbsp; Alle Webseiten von SanCur gemeinn\u00fctzige GmbH mit [&hellip;]<\/p>\n","protected":false},"author":1,"featured_media":0,"parent":0,"menu_order":10,"comment_status":"closed","ping_status":"closed","template":"","meta":{"_et_pb_use_builder":"on","_et_pb_old_content":"","_et_gb_content_width":"","footnotes":""},"class_list":["post-13","page","type-page","status-publish","hentry"],"_links":{"self":[{"href":"https:\/\/www.sancur.de\/cms\/wp-json\/wp\/v2\/pages\/13","targetHints":{"allow":["GET"]}}],"collection":[{"href":"https:\/\/www.sancur.de\/cms\/wp-json\/wp\/v2\/pages"}],"about":[{"href":"https:\/\/www.sancur.de\/cms\/wp-json\/wp\/v2\/types\/page"}],"author":[{"embeddable":true,"href":"https:\/\/www.sancur.de\/cms\/wp-json\/wp\/v2\/users\/1"}],"replies":[{"embeddable":true,"href":"https:\/\/www.sancur.de\/cms\/wp-json\/wp\/v2\/comments?post=13"}],"version-history":[{"count":76,"href":"https:\/\/www.sancur.de\/cms\/wp-json\/wp\/v2\/pages\/13\/revisions"}],"predecessor-version":[{"id":1071,"href":"https:\/\/www.sancur.de\/cms\/wp-json\/wp\/v2\/pages\/13\/revisions\/1071"}],"wp:attachment":[{"href":"https:\/\/www.sancur.de\/cms\/wp-json\/wp\/v2\/media?parent=13"}],"curies":[{"name":"wp","href":"https:\/\/api.w.org\/{rel}","templated":true}]}}